{"id":5302,"date":"2025-07-19T14:54:33","date_gmt":"2025-07-19T14:54:33","guid":{"rendered":"https:\/\/clgroup.pe\/?page_id=5302"},"modified":"2026-01-27T03:39:38","modified_gmt":"2026-01-27T03:39:38","slug":"luis-enrique-bazan-ciurlizza","status":"publish","type":"page","link":"https:\/\/clgroup.pe\/en\/luis-enrique-bazan-ciurlizza\/","title":{"rendered":"Luis Enrique Bazan Ciurlizza"},"content":{"rendered":"\t\t<div data-elementor-type=\"wp-page\" data-elementor-id=\"5302\" class=\"elementor elementor-5302\" data-elementor-post-type=\"page\">\n\t\t\t\t<div class=\"elementor-element elementor-element-16849f67 e-flex e-con-boxed e-con e-parent\" data-id=\"16849f67\" data-element_type=\"container\" data-e-type=\"container\" data-settings=\"{&quot;background_background&quot;:&quot;classic&quot;}\">\n\t\t\t\t\t<div class=\"e-con-inner\">\n\t\t<div class=\"elementor-element elementor-element-4962a511 e-con-full e-flex e-con e-child\" data-id=\"4962a511\" data-element_type=\"container\" data-e-type=\"container\" data-settings=\"{&quot;background_background&quot;:&quot;classic&quot;}\">\n\t\t\t\t<\/div>\n\t\t<div class=\"elementor-element elementor-element-6852efae e-con-full e-flex e-con e-child\" data-id=\"6852efae\" data-element_type=\"container\" data-e-type=\"container\">\n\t\t\t\t<div class=\"elementor-element elementor-element-15a98a4c elementor-widget__width-initial elementor-widget elementor-widget-heading\" data-id=\"15a98a4c\" data-element_type=\"widget\" data-e-type=\"widget\" data-widget_type=\"heading.default\">\n\t\t\t\t<div class=\"elementor-widget-container\">\n\t\t\t\t\t<h2 class=\"elementor-heading-title elementor-size-default\">Luis Enrique Baz\u00e1n Ciurlizza<\/h2>\t\t\t\t<\/div>\n\t\t\t\t<\/div>\n\t\t\t\t<div class=\"elementor-element elementor-element-3b1246a elementor-widget elementor-widget-text-editor\" data-id=\"3b1246a\" data-element_type=\"widget\" data-e-type=\"widget\" data-widget_type=\"text-editor.default\">\n\t\t\t\t<div class=\"elementor-widget-container\">\n\t\t\t\t\t\t\t\t\t<p>Consultor Experto<\/p>\t\t\t\t\t\t\t\t<\/div>\n\t\t\t\t<\/div>\n\t\t\t\t<div class=\"elementor-element elementor-element-20d5521b elementor-widget elementor-widget-text-editor\" data-id=\"20d5521b\" data-element_type=\"widget\" data-e-type=\"widget\" data-widget_type=\"text-editor.default\">\n\t\t\t\t<div class=\"elementor-widget-container\">\n\t\t\t\t\t\t\t\t\t<p>Lbazan@clgroup.pe<\/p>\t\t\t\t\t\t\t\t<\/div>\n\t\t\t\t<\/div>\n\t\t\t\t<div class=\"elementor-element elementor-element-3bfb18ef elementor-widget elementor-widget-text-editor\" data-id=\"3bfb18ef\" data-element_type=\"widget\" data-e-type=\"widget\" data-widget_type=\"text-editor.default\">\n\t\t\t\t<div class=\"elementor-widget-container\">\n\t\t\t\t\t\t\t\t\t<p>Luis es <strong>abogado<\/strong> con m\u00e1s de <strong>20 a\u00f1os <\/strong>de trayectoria especializada en <strong>Derecho de la Construcci\u00f3n<\/strong>, <strong>Gesti\u00f3n de Proyectos<\/strong>, <strong>Derecho Corporativo<\/strong>, <strong>Soluci\u00f3n de Controversias<\/strong> y <strong>Litigios<\/strong>.<\/p><p>A lo largo de su carrera, ha participado activamente en la ejecuci\u00f3n de diversos proyectos de ingenier\u00eda y construcci\u00f3n, desempe\u00f1\u00e1ndose como <strong>consultor internacional<\/strong> en Radovic &amp; Asociados (Chile) y asumiendo cargos destacados como <strong>Procurador Regional<\/strong> y <strong>asesor legal<\/strong> en empresas con <strong>esquemas financieros complejos<\/strong>.<\/p><p>Su especializaci\u00f3n incluye contratos estandarizados <strong>FIDIC<\/strong>, elaboraci\u00f3n y revisi\u00f3n de contratos de ingenier\u00eda tipo <strong>BOT<\/strong>, <strong>EPC<\/strong> y <strong>EPCM<\/strong>, seguimiento de la <strong>ejecuci\u00f3n contractual<\/strong>, <strong>gesti\u00f3n de reclamos<\/strong> y<strong> resoluci\u00f3n de controversias<\/strong> mediante arbitraje y litigios.<\/p><p>Complementa su experiencia jur\u00eddica con formaci\u00f3n en <strong>Finanzas<\/strong> y<strong> Derecho Corporativo<\/strong> y en <strong>Administraci\u00f3n de Contratos<\/strong>. Adem\u00e1s, ejerce la <strong>docencia<\/strong> universitaria en distintas <strong>universidades<\/strong> &#8211; <strong>USMP<\/strong>, <strong>UTP<\/strong> y <strong>USS<\/strong> con sede Chiclayo.<\/p><p>Se distingue por su <strong>enfoque preventivo<\/strong>, <strong>visi\u00f3n estrat\u00e9gica<\/strong> y <strong>liderazgo interdisciplinario<\/strong>, atributos que le permiten aportar soluciones s\u00f3lidas y eficientes a cada proyecto en el que participa.<\/p>\t\t\t\t\t\t\t\t<\/div>\n\t\t\t\t<\/div>\n\t\t\t\t<div class=\"elementor-element elementor-element-368a9fe5 elementor-widget elementor-widget-n-accordion\" data-id=\"368a9fe5\" data-element_type=\"widget\" data-e-type=\"widget\" data-settings=\"{&quot;default_state&quot;:&quot;expanded&quot;,&quot;max_items_expended&quot;:&quot;one&quot;,&quot;n_accordion_animation_duration&quot;:{&quot;unit&quot;:&quot;ms&quot;,&quot;size&quot;:400,&quot;sizes&quot;:[]}}\" data-widget_type=\"nested-accordion.default\">\n\t\t\t\t<div class=\"elementor-widget-container\">\n\t\t\t\t\t\t\t<div class=\"e-n-accordion\" aria-label=\"Accordion. Open links with Enter or Space, close with Escape, and navigate with Arrow Keys\">\n\t\t\t\t\t\t<details id=\"e-n-accordion-item-9150\" class=\"e-n-accordion-item\" open>\n\t\t\t\t<summary class=\"e-n-accordion-item-title\" data-accordion-index=\"1\" tabindex=\"0\" aria-expanded=\"true\" aria-controls=\"e-n-accordion-item-9150\" >\n\t\t\t\t\t<span class='e-n-accordion-item-title-header'><div class=\"e-n-accordion-item-title-text\"> Especialidades <\/div><\/span>\n\t\t\t\t\t\t\t<span class='e-n-accordion-item-title-icon'>\n\t\t\t<span class='e-opened' ><svg aria-hidden=\"true\" class=\"e-font-icon-svg e-fas-chevron-up\" viewBox=\"0 0 448 512\" xmlns=\"http:\/\/www.w3.org\/2000\/svg\"><path d=\"M240.971 130.524l194.343 194.343c9.373 9.373 9.373 24.569 0 33.941l-22.667 22.667c-9.357 9.357-24.522 9.375-33.901.04L224 227.495 69.255 381.516c-9.379 9.335-24.544 9.317-33.901-.04l-22.667-22.667c-9.373-9.373-9.373-24.569 0-33.941L207.03 130.525c9.372-9.373 24.568-9.373 33.941-.001z\"><\/path><\/svg><\/span>\n\t\t\t<span class='e-closed'><svg aria-hidden=\"true\" class=\"e-font-icon-svg e-fas-chevron-down\" viewBox=\"0 0 448 512\" xmlns=\"http:\/\/www.w3.org\/2000\/svg\"><path d=\"M207.029 381.476L12.686 187.132c-9.373-9.373-9.373-24.569 0-33.941l22.667-22.667c9.357-9.357 24.522-9.375 33.901-.04L224 284.505l154.745-154.021c9.379-9.335 24.544-9.317 33.901.04l22.667 22.667c9.373 9.373 9.373 24.569 0 33.941L240.971 381.476c-9.373 9.372-24.569 9.372-33.942 0z\"><\/path><\/svg><\/span>\n\t\t<\/span>\n\n\t\t\t\t\t\t<\/summary>\n\t\t\t\t<div role=\"region\" aria-labelledby=\"e-n-accordion-item-9150\" class=\"elementor-element elementor-element-76e21d23 e-flex e-con-boxed e-con e-child\" data-id=\"76e21d23\" data-element_type=\"container\" data-e-type=\"container\" data-settings=\"{&quot;background_background&quot;:&quot;classic&quot;}\">\n\t\t\t\t\t<div class=\"e-con-inner\">\n\t\t\t\t<div class=\"elementor-element elementor-element-5da6b7a2 elementor-widget elementor-widget-text-editor\" data-id=\"5da6b7a2\" data-element_type=\"widget\" data-e-type=\"widget\" data-widget_type=\"text-editor.default\">\n\t\t\t\t<div class=\"elementor-widget-container\">\n\t\t\t\t\t\t\t\t\t<ul><li>Derecho de la Construcci\u00f3n<\/li><li>Administraci\u00f3n de Contratos<\/li><li>Gesti\u00f3n de Reclamos Contractual<\/li><li>Prevenci\u00f3n y soluci\u00f3n alternativa de disputas<\/li><li>Contrataciones con el Estado<\/li><li>Arbitraje<\/li><\/ul>\t\t\t\t\t\t\t\t<\/div>\n\t\t\t\t<\/div>\n\t\t\t\t\t<\/div>\n\t\t\t\t<\/div>\n\t\t\t\t\t<\/details>\n\t\t\t\t\t\t<details id=\"e-n-accordion-item-9151\" class=\"e-n-accordion-item\" >\n\t\t\t\t<summary class=\"e-n-accordion-item-title\" data-accordion-index=\"2\" tabindex=\"-1\" aria-expanded=\"false\" aria-controls=\"e-n-accordion-item-9151\" >\n\t\t\t\t\t<span class='e-n-accordion-item-title-header'><div class=\"e-n-accordion-item-title-text\"> Experiencia <\/div><\/span>\n\t\t\t\t\t\t\t<span class='e-n-accordion-item-title-icon'>\n\t\t\t<span class='e-opened' ><svg aria-hidden=\"true\" class=\"e-font-icon-svg e-fas-chevron-up\" viewBox=\"0 0 448 512\" xmlns=\"http:\/\/www.w3.org\/2000\/svg\"><path d=\"M240.971 130.524l194.343 194.343c9.373 9.373 9.373 24.569 0 33.941l-22.667 22.667c-9.357 9.357-24.522 9.375-33.901.04L224 227.495 69.255 381.516c-9.379 9.335-24.544 9.317-33.901-.04l-22.667-22.667c-9.373-9.373-9.373-24.569 0-33.941L207.03 130.525c9.372-9.373 24.568-9.373 33.941-.001z\"><\/path><\/svg><\/span>\n\t\t\t<span class='e-closed'><svg aria-hidden=\"true\" class=\"e-font-icon-svg e-fas-chevron-down\" viewBox=\"0 0 448 512\" xmlns=\"http:\/\/www.w3.org\/2000\/svg\"><path d=\"M207.029 381.476L12.686 187.132c-9.373-9.373-9.373-24.569 0-33.941l22.667-22.667c9.357-9.357 24.522-9.375 33.901-.04L224 284.505l154.745-154.021c9.379-9.335 24.544-9.317 33.901.04l22.667 22.667c9.373 9.373 9.373 24.569 0 33.941L240.971 381.476c-9.373 9.372-24.569 9.372-33.942 0z\"><\/path><\/svg><\/span>\n\t\t<\/span>\n\n\t\t\t\t\t\t<\/summary>\n\t\t\t\t<div role=\"region\" aria-labelledby=\"e-n-accordion-item-9151\" class=\"elementor-element elementor-element-4abd100e e-con-full e-flex e-con e-child\" data-id=\"4abd100e\" data-element_type=\"container\" data-e-type=\"container\" data-settings=\"{&quot;background_background&quot;:&quot;classic&quot;}\">\n\t\t\t\t<div class=\"elementor-element elementor-element-1fb351ff elementor-widget elementor-widget-text-editor\" data-id=\"1fb351ff\" data-element_type=\"widget\" data-e-type=\"widget\" data-widget_type=\"text-editor.default\">\n\t\t\t\t<div class=\"elementor-widget-container\">\n\t\t\t\t\t\t\t\t\t<ul><li>Como <strong>procurador publico regional<\/strong>, ha liderado equipos de abogados en el ejercicio de la defensa jur\u00eddica del Estado en <strong>m\u00e1s de 150 procesos de arbitraje<\/strong> encausados contra la entidad. Del mismo modo, ha representado a la entidad en diversos procedimientos de conciliaci\u00f3n.<\/li><li>Su trayectoria profesional incluye la revisi\u00f3n de bases de licitaci\u00f3n, seguimiento de ejecuci\u00f3n contractual, preparaci\u00f3n de reclamaciones, reuniones de negociaci\u00f3n, revisi\u00f3n y preparaci\u00f3n de estrategias de defensa arbitral, evaluaci\u00f3n de defensa jur\u00eddica en litigios.<\/li><li>Ha integrado el <strong>equipo de elaboraci\u00f3n de reclamos contractuales<\/strong> y <strong>arbitrajes internacionales<\/strong>, tales como:<ul><li><strong>Arbitraje de TECNEED SpA<\/strong> <strong>contra EDYCE Metalurgia SA<\/strong>, por el monto de $850 millones de pesos chilenos.<\/li><li><strong>Arbitraje<\/strong> en el \u201c<strong>Contrato<\/strong> <strong>de Construcci\u00f3n de Obra Material Inmueble por Suma Alzada. Edificio Corporativo MOLYMET<\/strong>\u201d entre Molibdenos y Metales S.A., contra Constructora INARCO Chile, por la suma de $1.605.686.854 millones de pesos chilenos.<\/li><li>Seguimiento de ejecuci\u00f3n contractual en el <strong>proyecto \u201cEDIFICIO ACALIS VALLE ALEGRE\u201d<\/strong>, entre Inmobiliaria Isla Hope SpA, actuando como Mandante del proyecto e <strong>INARCO Chile<\/strong> como constructor, por un monto total de 282.420,57 UF en valores chilenos.<\/li><li><strong>Reclamo contractual<\/strong> para el reconocimiento de mayores costos y plazos en el proyecto <strong>\u201cMONTAJE ELECTROMEC\u00c1NICO y PIPING\u201d<\/strong>, entre Proyectos y Montajes COMIN S.A., y Cartulinas CMPC S.A.<\/li><li><strong>Reclamo contractual<\/strong> para el reconocimiento de mayores costos y plazos en el <strong>proyecto \u201cPIPING, HVAC, VIENNAS &amp; ATTIC WORKS\u201d<\/strong> entre el mandante Jacobs Chile S.A., y Proyectos y Montajes COMIN S.A.<\/li><\/ul><\/li><li>Ha participado como <strong>Secretario T\u00e9cnico<\/strong> y <strong>Control Document<\/strong> en la Empresa de Construcci\u00f3n e Ingenier\u00eda MSL Ltda, en la ejecuci\u00f3n de la <strong>primera planta geot\u00e9rmica denominada \u201cCerro Pabell\u00f3n\u201d<\/strong>, ubicada en Pampa Apacheta, comuna de Ollag\u00fce, Regi\u00f3n de Antofagasta, Chile, con una inversi\u00f3n de US$ 520 millones en sus ambas fases, ejecutada por ENEL y ENAP.<\/li><\/ul>\t\t\t\t\t\t\t\t<\/div>\n\t\t\t\t<\/div>\n\t\t\t\t<\/div>\n\t\t\t\t\t<\/details>\n\t\t\t\t\t\t<details id=\"e-n-accordion-item-9152\" class=\"e-n-accordion-item\" >\n\t\t\t\t<summary class=\"e-n-accordion-item-title\" data-accordion-index=\"3\" tabindex=\"-1\" aria-expanded=\"false\" aria-controls=\"e-n-accordion-item-9152\" >\n\t\t\t\t\t<span class='e-n-accordion-item-title-header'><div class=\"e-n-accordion-item-title-text\"> Educaci\u00f3n <\/div><\/span>\n\t\t\t\t\t\t\t<span class='e-n-accordion-item-title-icon'>\n\t\t\t<span class='e-opened' ><svg aria-hidden=\"true\" class=\"e-font-icon-svg e-fas-chevron-up\" viewBox=\"0 0 448 512\" xmlns=\"http:\/\/www.w3.org\/2000\/svg\"><path d=\"M240.971 130.524l194.343 194.343c9.373 9.373 9.373 24.569 0 33.941l-22.667 22.667c-9.357 9.357-24.522 9.375-33.901.04L224 227.495 69.255 381.516c-9.379 9.335-24.544 9.317-33.901-.04l-22.667-22.667c-9.373-9.373-9.373-24.569 0-33.941L207.03 130.525c9.372-9.373 24.568-9.373 33.941-.001z\"><\/path><\/svg><\/span>\n\t\t\t<span class='e-closed'><svg aria-hidden=\"true\" class=\"e-font-icon-svg e-fas-chevron-down\" viewBox=\"0 0 448 512\" xmlns=\"http:\/\/www.w3.org\/2000\/svg\"><path d=\"M207.029 381.476L12.686 187.132c-9.373-9.373-9.373-24.569 0-33.941l22.667-22.667c9.357-9.357 24.522-9.375 33.901-.04L224 284.505l154.745-154.021c9.379-9.335 24.544-9.317 33.901.04l22.667 22.667c9.373 9.373 9.373 24.569 0 33.941L240.971 381.476c-9.373 9.372-24.569 9.372-33.942 0z\"><\/path><\/svg><\/span>\n\t\t<\/span>\n\n\t\t\t\t\t\t<\/summary>\n\t\t\t\t<div role=\"region\" aria-labelledby=\"e-n-accordion-item-9152\" class=\"elementor-element elementor-element-4c929b44 e-con-full e-flex e-con e-child\" data-id=\"4c929b44\" data-element_type=\"container\" data-e-type=\"container\" data-settings=\"{&quot;background_background&quot;:&quot;classic&quot;}\">\n\t\t\t\t<div class=\"elementor-element elementor-element-1ac5fe11 elementor-widget elementor-widget-text-editor\" data-id=\"1ac5fe11\" data-element_type=\"widget\" data-e-type=\"widget\" data-widget_type=\"text-editor.default\">\n\t\t\t\t<div class=\"elementor-widget-container\">\n\t\t\t\t\t\t\t\t\t<ul><li>Abogado por la Universidad Particular de Chiclayo (UDCH)<\/li><li>Mag\u00edster en Finanzas y Derecho Corporativo \u2013 ESAN<\/li><li>Diplomado en <strong>Administraci\u00f3n de Contratos <\/strong>por la Pontificia Universidad Cat\u00f3lica de Chile.<\/li><li>Diplomado: PAE \u2013 <strong>Tributaci\u00f3n en las Finanzas Empresariales <\/strong>&#8211; ESAN.<\/li><li>Diplomado: PAE \u2013 <strong>Banca de Inversiones y Estructuraci\u00f3<\/strong><strong>n Financiera &#8211;<\/strong>\u00a0ESAN.<\/li><li>Diplomado: PADE \u2013 <strong>Finanzas y Derecho Empresarial &#8211; <\/strong>ESAN.<\/li><\/ul>\t\t\t\t\t\t\t\t<\/div>\n\t\t\t\t<\/div>\n\t\t\t\t<\/div>\n\t\t\t\t\t<\/details>\n\t\t\t\t\t\t<details id=\"e-n-accordion-item-9153\" class=\"e-n-accordion-item\" >\n\t\t\t\t<summary class=\"e-n-accordion-item-title\" data-accordion-index=\"4\" tabindex=\"-1\" aria-expanded=\"false\" aria-controls=\"e-n-accordion-item-9153\" >\n\t\t\t\t\t<span class='e-n-accordion-item-title-header'><div class=\"e-n-accordion-item-title-text\"> Docencia <\/div><\/span>\n\t\t\t\t\t\t\t<span class='e-n-accordion-item-title-icon'>\n\t\t\t<span class='e-opened' ><svg aria-hidden=\"true\" class=\"e-font-icon-svg e-fas-chevron-up\" viewBox=\"0 0 448 512\" xmlns=\"http:\/\/www.w3.org\/2000\/svg\"><path d=\"M240.971 130.524l194.343 194.343c9.373 9.373 9.373 24.569 0 33.941l-22.667 22.667c-9.357 9.357-24.522 9.375-33.901.04L224 227.495 69.255 381.516c-9.379 9.335-24.544 9.317-33.901-.04l-22.667-22.667c-9.373-9.373-9.373-24.569 0-33.941L207.03 130.525c9.372-9.373 24.568-9.373 33.941-.001z\"><\/path><\/svg><\/span>\n\t\t\t<span class='e-closed'><svg aria-hidden=\"true\" class=\"e-font-icon-svg e-fas-chevron-down\" viewBox=\"0 0 448 512\" xmlns=\"http:\/\/www.w3.org\/2000\/svg\"><path d=\"M207.029 381.476L12.686 187.132c-9.373-9.373-9.373-24.569 0-33.941l22.667-22.667c9.357-9.357 24.522-9.375 33.901-.04L224 284.505l154.745-154.021c9.379-9.335 24.544-9.317 33.901.04l22.667 22.667c9.373 9.373 9.373 24.569 0 33.941L240.971 381.476c-9.373 9.372-24.569 9.372-33.942 0z\"><\/path><\/svg><\/span>\n\t\t<\/span>\n\n\t\t\t\t\t\t<\/summary>\n\t\t\t\t<div role=\"region\" aria-labelledby=\"e-n-accordion-item-9153\" class=\"elementor-element elementor-element-d7c1e00 e-con-full e-flex e-con e-child\" data-id=\"d7c1e00\" data-element_type=\"container\" data-e-type=\"container\" data-settings=\"{&quot;background_background&quot;:&quot;classic&quot;}\">\n\t\t\t\t<div class=\"elementor-element elementor-element-84cff31 elementor-widget elementor-widget-text-editor\" data-id=\"84cff31\" data-element_type=\"widget\" data-e-type=\"widget\" data-widget_type=\"text-editor.default\">\n\t\t\t\t<div class=\"elementor-widget-container\">\n\t\t\t\t\t\t\t\t\t<ul><li><strong>Docente universitario en USMP, UTP y USS<\/strong> &#8211; Sede Chiclayo, en los cursos de Acto Jur\u00eddico, Derecho de Obligaciones, Contratos Especiales, Contrataciones con el Estado, Derecho Corporativo, Derecho de la Empresa, Derecho de Sociedades, Derecho Tributario y Derecho Procesal Civil.<\/li><\/ul>\t\t\t\t\t\t\t\t<\/div>\n\t\t\t\t<\/div>\n\t\t\t\t<\/div>\n\t\t\t\t\t<\/details>\n\t\t\t\t\t\t<details id=\"e-n-accordion-item-9154\" class=\"e-n-accordion-item\" >\n\t\t\t\t<summary class=\"e-n-accordion-item-title\" data-accordion-index=\"5\" tabindex=\"-1\" aria-expanded=\"false\" aria-controls=\"e-n-accordion-item-9154\" >\n\t\t\t\t\t<span class='e-n-accordion-item-title-header'><div class=\"e-n-accordion-item-title-text\"> Membres\u00edas <\/div><\/span>\n\t\t\t\t\t\t\t<span class='e-n-accordion-item-title-icon'>\n\t\t\t<span class='e-opened' ><svg aria-hidden=\"true\" class=\"e-font-icon-svg e-fas-chevron-up\" viewBox=\"0 0 448 512\" xmlns=\"http:\/\/www.w3.org\/2000\/svg\"><path d=\"M240.971 130.524l194.343 194.343c9.373 9.373 9.373 24.569 0 33.941l-22.667 22.667c-9.357 9.357-24.522 9.375-33.901.04L224 227.495 69.255 381.516c-9.379 9.335-24.544 9.317-33.901-.04l-22.667-22.667c-9.373-9.373-9.373-24.569 0-33.941L207.03 130.525c9.372-9.373 24.568-9.373 33.941-.001z\"><\/path><\/svg><\/span>\n\t\t\t<span class='e-closed'><svg aria-hidden=\"true\" class=\"e-font-icon-svg e-fas-chevron-down\" viewBox=\"0 0 448 512\" xmlns=\"http:\/\/www.w3.org\/2000\/svg\"><path d=\"M207.029 381.476L12.686 187.132c-9.373-9.373-9.373-24.569 0-33.941l22.667-22.667c9.357-9.357 24.522-9.375 33.901-.04L224 284.505l154.745-154.021c9.379-9.335 24.544-9.317 33.901.04l22.667 22.667c9.373 9.373 9.373 24.569 0 33.941L240.971 381.476c-9.373 9.372-24.569 9.372-33.942 0z\"><\/path><\/svg><\/span>\n\t\t<\/span>\n\n\t\t\t\t\t\t<\/summary>\n\t\t\t\t<div role=\"region\" aria-labelledby=\"e-n-accordion-item-9154\" class=\"elementor-element elementor-element-0de4f13 e-con-full e-flex e-con e-child\" data-id=\"0de4f13\" data-element_type=\"container\" data-e-type=\"container\" data-settings=\"{&quot;background_background&quot;:&quot;classic&quot;}\">\n\t\t\t\t<div class=\"elementor-element elementor-element-343a673 elementor-widget elementor-widget-text-editor\" data-id=\"343a673\" data-element_type=\"widget\" data-e-type=\"widget\" data-widget_type=\"text-editor.default\">\n\t\t\t\t<div class=\"elementor-widget-container\">\n\t\t\t\t\t\t\t\t\t<ul><li>Abogado adscrito al Ilustre Colegios de Abogados de Lambayeque (ICAL)<\/li><li>Integrante de la Asociaci\u00f3n Latinoamericana de Derecho de la Construcci\u00f3n (ALDEC)<\/li><li style=\"list-style-type: none;\">\u00a0<\/li><\/ul>\t\t\t\t\t\t\t\t<\/div>\n\t\t\t\t<\/div>\n\t\t\t\t<\/div>\n\t\t\t\t\t<\/details>\n\t\t\t\t\t\t<details id=\"e-n-accordion-item-9155\" class=\"e-n-accordion-item\" >\n\t\t\t\t<summary class=\"e-n-accordion-item-title\" data-accordion-index=\"6\" tabindex=\"-1\" aria-expanded=\"false\" aria-controls=\"e-n-accordion-item-9155\" >\n\t\t\t\t\t<span class='e-n-accordion-item-title-header'><div class=\"e-n-accordion-item-title-text\"> Publicaciones <\/div><\/span>\n\t\t\t\t\t\t\t<span class='e-n-accordion-item-title-icon'>\n\t\t\t<span class='e-opened' ><svg aria-hidden=\"true\" class=\"e-font-icon-svg e-fas-chevron-up\" viewBox=\"0 0 448 512\" xmlns=\"http:\/\/www.w3.org\/2000\/svg\"><path d=\"M240.971 130.524l194.343 194.343c9.373 9.373 9.373 24.569 0 33.941l-22.667 22.667c-9.357 9.357-24.522 9.375-33.901.04L224 227.495 69.255 381.516c-9.379 9.335-24.544 9.317-33.901-.04l-22.667-22.667c-9.373-9.373-9.373-24.569 0-33.941L207.03 130.525c9.372-9.373 24.568-9.373 33.941-.001z\"><\/path><\/svg><\/span>\n\t\t\t<span class='e-closed'><svg aria-hidden=\"true\" class=\"e-font-icon-svg e-fas-chevron-down\" viewBox=\"0 0 448 512\" xmlns=\"http:\/\/www.w3.org\/2000\/svg\"><path d=\"M207.029 381.476L12.686 187.132c-9.373-9.373-9.373-24.569 0-33.941l22.667-22.667c9.357-9.357 24.522-9.375 33.901-.04L224 284.505l154.745-154.021c9.379-9.335 24.544-9.317 33.901.04l22.667 22.667c9.373 9.373 9.373 24.569 0 33.941L240.971 381.476c-9.373 9.372-24.569 9.372-33.942 0z\"><\/path><\/svg><\/span>\n\t\t<\/span>\n\n\t\t\t\t\t\t<\/summary>\n\t\t\t\t<div role=\"region\" aria-labelledby=\"e-n-accordion-item-9155\" class=\"elementor-element elementor-element-6784d184 e-con-full e-flex e-con e-child\" data-id=\"6784d184\" data-element_type=\"container\" data-e-type=\"container\" data-settings=\"{&quot;background_background&quot;:&quot;classic&quot;}\">\n\t\t\t\t<div class=\"elementor-element elementor-element-66cab059 elementor-widget elementor-widget-text-editor\" data-id=\"66cab059\" data-element_type=\"widget\" data-e-type=\"widget\" data-widget_type=\"text-editor.default\">\n\t\t\t\t<div class=\"elementor-widget-container\">\n\t\t\t\t\t\t\t\t\t<ul><li><strong>\u201dLa Implementaci\u00f3n de acciones civiles frente al incumplimiento de las obligaciones alimentarias en el Per\u00fa\u201d<\/strong>. Revista Latinoamericana de Derecho Social \u2013 Universidad Aut\u00f3noma de M\u00e9 Mayo 2024 [ISSN:24487899,18704670]<\/li><li><strong>\u201cIndecopi and its Management of Bureaucratic Barriers\u201d<\/strong>. Kurdish Studies. Febrero 2024. Volumen: 12 No 2, pp. 2422-2430. <a href=\"https:\/\/kurdishstudies.net\/menu-script\/index.php\/KS\/article\/view\/2281\">https:\/\/kurdishstudies.net\/menu-script\/index.php\/KS\/article\/view\/2281<\/a><\/li><li><strong>\u201cThe implementation of civil actions against non-compliance with alimony obligations in Peru\u201d<\/strong>, Journal of International Crisis and Risk Communication. Vol. 7 Nro. S8 (2024), 2814-2820. <a href=\"https:\/\/doi.org\/10.63278\/jicrcr.vi.1298\">https:\/\/doi.org\/10.63278\/jicrcr.vi.1298<\/a><\/li><\/ul>\t\t\t\t\t\t\t\t<\/div>\n\t\t\t\t<\/div>\n\t\t\t\t<\/div>\n\t\t\t\t\t<\/details>\n\t\t\t\t\t\t<details id=\"e-n-accordion-item-9156\" class=\"e-n-accordion-item\" >\n\t\t\t\t<summary class=\"e-n-accordion-item-title\" data-accordion-index=\"7\" tabindex=\"-1\" aria-expanded=\"false\" aria-controls=\"e-n-accordion-item-9156\" >\n\t\t\t\t\t<span class='e-n-accordion-item-title-header'><div class=\"e-n-accordion-item-title-text\"> Idiomas <\/div><\/span>\n\t\t\t\t\t\t\t<span class='e-n-accordion-item-title-icon'>\n\t\t\t<span class='e-opened' ><svg aria-hidden=\"true\" class=\"e-font-icon-svg e-fas-chevron-up\" viewBox=\"0 0 448 512\" xmlns=\"http:\/\/www.w3.org\/2000\/svg\"><path d=\"M240.971 130.524l194.343 194.343c9.373 9.373 9.373 24.569 0 33.941l-22.667 22.667c-9.357 9.357-24.522 9.375-33.901.04L224 227.495 69.255 381.516c-9.379 9.335-24.544 9.317-33.901-.04l-22.667-22.667c-9.373-9.373-9.373-24.569 0-33.941L207.03 130.525c9.372-9.373 24.568-9.373 33.941-.001z\"><\/path><\/svg><\/span>\n\t\t\t<span class='e-closed'><svg aria-hidden=\"true\" class=\"e-font-icon-svg e-fas-chevron-down\" viewBox=\"0 0 448 512\" xmlns=\"http:\/\/www.w3.org\/2000\/svg\"><path d=\"M207.029 381.476L12.686 187.132c-9.373-9.373-9.373-24.569 0-33.941l22.667-22.667c9.357-9.357 24.522-9.375 33.901-.04L224 284.505l154.745-154.021c9.379-9.335 24.544-9.317 33.901.04l22.667 22.667c9.373 9.373 9.373 24.569 0 33.941L240.971 381.476c-9.373 9.372-24.569 9.372-33.942 0z\"><\/path><\/svg><\/span>\n\t\t<\/span>\n\n\t\t\t\t\t\t<\/summary>\n\t\t\t\t<div role=\"region\" aria-labelledby=\"e-n-accordion-item-9156\" class=\"elementor-element elementor-element-341d6f0b e-flex e-con-boxed e-con e-child\" data-id=\"341d6f0b\" data-element_type=\"container\" data-e-type=\"container\" data-settings=\"{&quot;background_background&quot;:&quot;classic&quot;}\">\n\t\t\t\t\t<div class=\"e-con-inner\">\n\t\t\t\t<div class=\"elementor-element elementor-element-9b2804 elementor-widget elementor-widget-text-editor\" data-id=\"9b2804\" data-element_type=\"widget\" data-e-type=\"widget\" data-widget_type=\"text-editor.default\">\n\t\t\t\t<div class=\"elementor-widget-container\">\n\t\t\t\t\t\t\t\t\t<ul><li>Espa\u00f1ol (nativo)<\/li><li>Ingl\u00e9s (intermedio)<\/li><\/ul>\t\t\t\t\t\t\t\t<\/div>\n\t\t\t\t<\/div>\n\t\t\t\t\t<\/div>\n\t\t\t\t<\/div>\n\t\t\t\t\t<\/details>\n\t\t\t\t\t<\/div>\n\t\t\t\t\t\t<\/div>\n\t\t\t\t<\/div>\n\t\t\t\t<\/div>\n\t\t\t\t\t<\/div>\n\t\t\t\t<\/div>\n\t\t\t\t<\/div>\n\t\t","protected":false},"excerpt":{"rendered":"<p>Luis Enrique Baz\u00e1n Ciurlizza Consultor Experto Lbazan@clgroup.pe Luis es abogado con m\u00e1s de 20 a\u00f1os de trayectoria especializada en Derecho de la Construcci\u00f3n, Gesti\u00f3n de Proyectos, Derecho Corporativo, Soluci\u00f3n de Controversias y Litigios. A lo largo de su carrera, ha participado activamente en la ejecuci\u00f3n de diversos proyectos de ingenier\u00eda y construcci\u00f3n, desempe\u00f1\u00e1ndose como consultor [&hellip;]<\/p>\n","protected":false},"author":1,"featured_media":0,"parent":0,"menu_order":0,"comment_status":"closed","ping_status":"closed","template":"","meta":{"_acf_changed":false,"footnotes":""},"class_list":["post-5302","page","type-page","status-publish","hentry"],"acf":[],"aioseo_notices":[],"_links":{"self":[{"href":"https:\/\/clgroup.pe\/en\/wp-json\/wp\/v2\/pages\/5302","targetHints":{"allow":["GET"]}}],"collection":[{"href":"https:\/\/clgroup.pe\/en\/wp-json\/wp\/v2\/pages"}],"about":[{"href":"https:\/\/clgroup.pe\/en\/wp-json\/wp\/v2\/types\/page"}],"author":[{"embeddable":true,"href":"https:\/\/clgroup.pe\/en\/wp-json\/wp\/v2\/users\/1"}],"replies":[{"embeddable":true,"href":"https:\/\/clgroup.pe\/en\/wp-json\/wp\/v2\/comments?post=5302"}],"version-history":[{"count":154,"href":"https:\/\/clgroup.pe\/en\/wp-json\/wp\/v2\/pages\/5302\/revisions"}],"predecessor-version":[{"id":8341,"href":"https:\/\/clgroup.pe\/en\/wp-json\/wp\/v2\/pages\/5302\/revisions\/8341"}],"wp:attachment":[{"href":"https:\/\/clgroup.pe\/en\/wp-json\/wp\/v2\/media?parent=5302"}],"curies":[{"name":"wp","href":"https:\/\/api.w.org\/{rel}","templated":true}]}}