{"id":5812,"date":"2025-08-06T17:41:55","date_gmt":"2025-08-06T17:41:55","guid":{"rendered":"https:\/\/clgroup.pe\/?page_id=5812"},"modified":"2026-01-27T03:41:10","modified_gmt":"2026-01-27T03:41:10","slug":"carlos-cunza","status":"publish","type":"page","link":"https:\/\/clgroup.pe\/en\/carlos-cunza\/","title":{"rendered":"Carlos Cunza"},"content":{"rendered":"<div data-elementor-type=\"wp-page\" data-elementor-id=\"5812\" class=\"elementor elementor-5812\" data-elementor-post-type=\"page\">\n\t\t\t\t<div class=\"elementor-element elementor-element-7d283e3f e-flex e-con-boxed e-con e-parent\" data-id=\"7d283e3f\" data-element_type=\"container\" data-e-type=\"container\" data-settings=\"{&quot;background_background&quot;:&quot;classic&quot;}\">\n\t\t\t\t\t<div class=\"e-con-inner\">\n\t\t<div class=\"elementor-element elementor-element-470018b2 e-con-full e-flex e-con e-child\" data-id=\"470018b2\" data-element_type=\"container\" data-e-type=\"container\" data-settings=\"{&quot;background_background&quot;:&quot;classic&quot;}\">\n\t\t\t\t<\/div>\n\t\t<div class=\"elementor-element elementor-element-2d62ad72 e-con-full e-flex e-con e-child\" data-id=\"2d62ad72\" data-element_type=\"container\" data-e-type=\"container\">\n\t\t\t\t<div class=\"elementor-element elementor-element-4ca16d11 elementor-widget__width-initial elementor-widget elementor-widget-heading\" data-id=\"4ca16d11\" data-element_type=\"widget\" data-e-type=\"widget\" data-widget_type=\"heading.default\">\n\t\t\t\t<div class=\"elementor-widget-container\">\n\t\t\t\t\t<h2 class=\"elementor-heading-title elementor-size-default\">Engineer Carlos Alfonso Cunza Cano<\/h2>\t\t\t\t<\/div>\n\t\t\t\t<\/div>\n\t\t\t\t<div class=\"elementor-element elementor-element-44b2ee00 elementor-widget elementor-widget-text-editor\" data-id=\"44b2ee00\" data-element_type=\"widget\" data-e-type=\"widget\" data-widget_type=\"text-editor.default\">\n\t\t\t\t<div class=\"elementor-widget-container\">\n\t\t\t\t\t\t\t\t\t<p>Managing Partner<\/p>\t\t\t\t\t\t\t\t<\/div>\n\t\t\t\t<\/div>\n\t\t\t\t<div class=\"elementor-element elementor-element-59f917c7 elementor-widget elementor-widget-text-editor\" data-id=\"59f917c7\" data-element_type=\"widget\" data-e-type=\"widget\" data-widget_type=\"text-editor.default\">\n\t\t\t\t<div class=\"elementor-widget-container\">\n\t\t\t\t\t\t\t\t\t<p>ccunza@clgroup.pe<\/p>\t\t\t\t\t\t\t\t<\/div>\n\t\t\t\t<\/div>\n\t\t\t\t<div class=\"elementor-element elementor-element-45e8bef0 elementor-widget elementor-widget-text-editor\" data-id=\"45e8bef0\" data-element_type=\"widget\" data-e-type=\"widget\" data-widget_type=\"text-editor.default\">\n\t\t\t\t<div class=\"elementor-widget-container\">\n\t\t\t\t\t\t\t\t\t<p>Carlos Alfonso Cunza Cano is <strong>Civil engineer<\/strong> with a solid track record in the construction sector, specializing in <strong>contract management, costs, planning, risks and disputes <\/strong>in infrastructure works.<\/p><p>He is a graduate of the <strong>National University of Engineering (UNI)<\/strong> and with completed studies of <strong>Master of Business Administration (MBA)<\/strong> by <strong>PUCP Center<\/strong>, has forged a career of more than <strong>15 years participating in large-scale projects<\/strong>, particularly in works of <strong>sanitation (wastewater treatment plants, drinking water and sewage lines and networks) and roads<\/strong>.<\/p><p>During his career he has held key roles such as <strong>Contract Administrator, Planning and Cost Specialist, Technical Office Engineer<\/strong> and <strong>Valuation Engineer<\/strong>He has worked in top-level companies and consortiums such as <strong>COSAPI, SADE-COSAPI, Constructora MPM, Consorcio Sullabella, Consorcio PTAP Calana<\/strong>, among others, demonstrating technical and strategic leadership in all phases of contractual execution of public works.<\/p><p>He has extensive experience in the <strong>contractual management of public works<\/strong>, which include <strong>the management of the<\/strong> <strong>communications<\/strong>, using tools such as workbooks (physical and digital), formal letters, minutes and technical reports. He has mastery of the <strong>regulations<\/strong> <strong>of State Contracts<\/strong>, and has specialized in the <strong>analysis and support of controversies<\/strong> before the Dispute Resolution Board (DRB), as well as in arbitrations related to deadline extensions, additional work, penalties, and other contractual claims.<\/p><p>He has led the <strong>contractual risk management<\/strong>, coordinating closely with multidisciplinary technical teams to mitigate contingencies in a timely manner and maintain adequate control and monitoring of risks that may impact contract execution, timelines, and costs of the project.<\/p><p>He has specialized in <strong>costs and budgets<\/strong>, with expert handling of the <strong>main work valuations, additional valuations, higher general expenses and legal interest<\/strong>Likewise, he has led the management of additional construction budgets, technically assessing their merits and financial justification. His solid technical ability to review, systematize, and present technical and financial documentation has allowed him to play a key role in the technical and financial closure processes of various infrastructure projects.<\/p><p>Widely dominates<strong> the management and control of construction schedules<\/strong>, performing detailed analyses of critical sequences, slack, and activities that directly impact contractual deadlines. He has consolidated experience in evaluating interferences, rescheduling, and deviations from actual progress. He is an expert in <strong>Preparation, review and technical support of deadline extension files<\/strong>, under criteria of causality, impact on the critical path and regulatory compliance.<\/p><p>Throughout his career he has shown <strong>Excellent technical writing, strategic thinking, extensive knowledge of construction contracts, professional order and discipline<\/strong>, which has positioned him as a key and efficient professional in complex projects.<\/p>\t\t\t\t\t\t\t\t<\/div>\n\t\t\t\t<\/div>\n\t\t\t\t<div class=\"elementor-element elementor-element-136e2883 elementor-widget elementor-widget-n-accordion\" data-id=\"136e2883\" data-element_type=\"widget\" data-e-type=\"widget\" data-settings=\"{&quot;default_state&quot;:&quot;expanded&quot;,&quot;max_items_expended&quot;:&quot;one&quot;,&quot;n_accordion_animation_duration&quot;:{&quot;unit&quot;:&quot;ms&quot;,&quot;size&quot;:400,&quot;sizes&quot;:[]}}\" data-widget_type=\"nested-accordion.default\">\n\t\t\t\t<div class=\"elementor-widget-container\">\n\t\t\t\t\t\t\t<div class=\"e-n-accordion\" aria-label=\"Accordion. Open links with Enter or Space, close with Escape, and navigate with Arrow Keys\">\n\t\t\t\t\t\t<details id=\"e-n-accordion-item-3250\" class=\"e-n-accordion-item\" open>\n\t\t\t\t<summary class=\"e-n-accordion-item-title\" data-accordion-index=\"1\" tabindex=\"0\" aria-expanded=\"true\" aria-controls=\"e-n-accordion-item-3250\" >\n\t\t\t\t\t<span class='e-n-accordion-item-title-header'><div class=\"e-n-accordion-item-title-text\"> Specialties <\/div><\/span>\n\t\t\t\t\t\t\t<span class='e-n-accordion-item-title-icon'>\n\t\t\t<span class='e-opened' ><svg aria-hidden=\"true\" class=\"e-font-icon-svg e-fas-chevron-up\" viewbox=\"0 0 448 512\" xmlns=\"http:\/\/www.w3.org\/2000\/svg\"><path d=\"M240.971 130.524l194.343 194.343c9.373 9.373 9.373 24.569 0 33.941l-22.667 22.667c-9.357 9.357-24.522 9.375-33.901.04L224 227.495 69.255 381.516c-9.379 9.335-24.544 9.317-33.901-.04l-22.667-22.667c-9.373-9.373-9.373-24.569 0-33.941L207.03 130.525c9.372-9.373 24.568-9.373 33.941-.001z\"><\/path><\/svg><\/span>\n\t\t\t<span class='e-closed'><svg aria-hidden=\"true\" class=\"e-font-icon-svg e-fas-chevron-down\" viewbox=\"0 0 448 512\" xmlns=\"http:\/\/www.w3.org\/2000\/svg\"><path d=\"M207.029 381.476L12.686 187.132c-9.373-9.373-9.373-24.569 0-33.941l22.667-22.667c9.357-9.357 24.522-9.375 33.901-.04L224 284.505l154.745-154.021c9.379-9.335 24.544-9.317 33.901.04l22.667 22.667c9.373 9.373 9.373 24.569 0 33.941L240.971 381.476c-9.373 9.372-24.569 9.372-33.942 0z\"><\/path><\/svg><\/span>\n\t\t<\/span>\n\n\t\t\t\t\t\t<\/summary>\n\t\t\t\t<div role=\"region\" aria-labelledby=\"e-n-accordion-item-3250\" class=\"elementor-element elementor-element-5b5d610c e-flex e-con-boxed e-con e-child\" data-id=\"5b5d610c\" data-element_type=\"container\" data-e-type=\"container\" data-settings=\"{&quot;background_background&quot;:&quot;classic&quot;}\">\n\t\t\t\t\t<div class=\"e-con-inner\">\n\t\t\t\t<div class=\"elementor-element elementor-element-5053633e elementor-widget elementor-widget-text-editor\" data-id=\"5053633e\" data-element_type=\"widget\" data-e-type=\"widget\" data-widget_type=\"text-editor.default\">\n\t\t\t\t<div class=\"elementor-widget-container\">\n\t\t\t\t\t\t\t\t\t<ul><li>Contract administration in public and private works<\/li><li>Valuations, settlements, additional budgets and other economic calculations<\/li><li>Planning of execution of works<\/li><li>Project management<\/li><li>Dispute management before JRD and arbitration<\/li><\/ul>\t\t\t\t\t\t\t\t<\/div>\n\t\t\t\t<\/div>\n\t\t\t\t\t<\/div>\n\t\t\t\t<\/div>\n\t\t\t\t\t<\/details>\n\t\t\t\t\t\t<details id=\"e-n-accordion-item-3251\" class=\"e-n-accordion-item\" >\n\t\t\t\t<summary class=\"e-n-accordion-item-title\" data-accordion-index=\"2\" tabindex=\"-1\" aria-expanded=\"false\" aria-controls=\"e-n-accordion-item-3251\" >\n\t\t\t\t\t<span class='e-n-accordion-item-title-header'><div class=\"e-n-accordion-item-title-text\"> Experience <\/div><\/span>\n\t\t\t\t\t\t\t<span class='e-n-accordion-item-title-icon'>\n\t\t\t<span class='e-opened' ><svg aria-hidden=\"true\" class=\"e-font-icon-svg e-fas-chevron-up\" viewbox=\"0 0 448 512\" xmlns=\"http:\/\/www.w3.org\/2000\/svg\"><path d=\"M240.971 130.524l194.343 194.343c9.373 9.373 9.373 24.569 0 33.941l-22.667 22.667c-9.357 9.357-24.522 9.375-33.901.04L224 227.495 69.255 381.516c-9.379 9.335-24.544 9.317-33.901-.04l-22.667-22.667c-9.373-9.373-9.373-24.569 0-33.941L207.03 130.525c9.372-9.373 24.568-9.373 33.941-.001z\"><\/path><\/svg><\/span>\n\t\t\t<span class='e-closed'><svg aria-hidden=\"true\" class=\"e-font-icon-svg e-fas-chevron-down\" viewbox=\"0 0 448 512\" xmlns=\"http:\/\/www.w3.org\/2000\/svg\"><path d=\"M207.029 381.476L12.686 187.132c-9.373-9.373-9.373-24.569 0-33.941l22.667-22.667c9.357-9.357 24.522-9.375 33.901-.04L224 284.505l154.745-154.021c9.379-9.335 24.544-9.317 33.901.04l22.667 22.667c9.373 9.373 9.373 24.569 0 33.941L240.971 381.476c-9.373 9.372-24.569 9.372-33.942 0z\"><\/path><\/svg><\/span>\n\t\t<\/span>\n\n\t\t\t\t\t\t<\/summary>\n\t\t\t\t<div role=\"region\" aria-labelledby=\"e-n-accordion-item-3251\" class=\"elementor-element elementor-element-6f49f8ae e-con-full e-flex e-con e-child\" data-id=\"6f49f8ae\" data-element_type=\"container\" data-e-type=\"container\" data-settings=\"{&quot;background_background&quot;:&quot;classic&quot;}\">\n\t\t\t\t<div class=\"elementor-element elementor-element-71a61695 elementor-widget elementor-widget-text-editor\" data-id=\"71a61695\" data-element_type=\"widget\" data-e-type=\"widget\" data-widget_type=\"text-editor.default\">\n\t\t\t\t<div class=\"elementor-widget-container\">\n\t\t\t\t\t\t\t\t\t<ul><li><strong>He has provided specialized contractual advice to the Sullabella Consortium (Sullana Wastewater Treatment Plant)<\/strong>, within the framework of the arbitration held with the National Urban Sanitation Program - PNSU, providing <strong>technical and strategic support<\/strong> in the formulation, analysis and support of the <strong>claims<\/strong> submitted by the contractor.<\/li><li>He has served as Contract Administrator in <strong>MPM Construction Company<\/strong>, in the project <strong>Improvement and Expansion of the Drinking Water, Sewerage and Wastewater Treatment Systems for the Jos\u00e9 G\u00e1lvez Scheme, sector 315, and the Villa Alejandro Scheme in the districts of Villa Mar\u00eda del Triunfo and Lur\u00edn, in the Province of Lima \u2013 department of Lima, <\/strong>ensuring the proper technical, economic and legal execution of the project in accordance with the contract guidelines.<\/li><li>He has been Contract Administrator at the <strong>Calana PTAP Consortium<\/strong>, in the project <strong>Work balance: Construction and Equipment of the New Drinking Water Treatment Plant in Calana (Tacna), <\/strong>responsible for the interpretation, application and enforcement of contractual provisions within the scope of the State Procurement Law and Regulations.<\/li><li>He has served as a planning and cost specialist in the <strong>Sullabella Consortium<\/strong> within the framework of the project <strong>Improvement of the Wastewater Evacuation, Treatment and Final Disposal System in the cities of Sullana and Bellavista, province of Sullana \u2013 Piura, <\/strong>Responsible for the preparation, analysis and support of monthly valuations, additional budgets and other relevant concepts in the execution of works<strong>. <\/strong>He has also been a contract administrator for the same project.<\/li><li>He worked as Contract and Subcontract Administrator in the <strong>Sade-Cosapi Consortium<\/strong> in the <strong>Expansion and improvement of the San Mart\u00edn Domestic Wastewater Treatment Plant (Piura), <\/strong>Ensuring the proper execution of the work in accordance with the contract terms. He also led the management of subcontracts.<\/li><li>He has been a valuation engineer at the <strong>Sade-Cosapi Consortium<\/strong> in the project<strong> Expansion and Improvement of the Drinking Water and Sewerage System for the Pachac\u00fatec Macroproject in the Ventanilla District \u2013 Stages I and II, <\/strong>responsible for the correct formulation of the main, additional and major general expense valuations.<\/li><li>He was a technical office engineer at <strong>Cosapi<\/strong> in the projects <strong>Construction Services for Pioneer and Auxiliary Roads for the Las Bambas mining project and Clean Water Pipeline and Miscellaneous Works at the Antamina mine, <\/strong>responsible for preparing the supporting documents and calculations for the valuations of the work<strong>.<\/strong><\/li><li>He has been a technical office engineer in<strong> Conciviles Peru, in the project Rehabilitation and Improvement of the Tocache \u2013 Porongo Bridge Detour Highway, section II: Pucayacu Bridge \u2013 Porongo Bridge, San Mart\u00edn region, <\/strong>providing support in the formulation of deadline extensions, valuations for subcontractors, monitoring the work log, among other duties inherent to the position.<\/li><\/ul>\t\t\t\t\t\t\t\t<\/div>\n\t\t\t\t<\/div>\n\t\t\t\t<\/div>\n\t\t\t\t\t<\/details>\n\t\t\t\t\t\t<details id=\"e-n-accordion-item-3252\" class=\"e-n-accordion-item\" >\n\t\t\t\t<summary class=\"e-n-accordion-item-title\" data-accordion-index=\"3\" tabindex=\"-1\" aria-expanded=\"false\" aria-controls=\"e-n-accordion-item-3252\" >\n\t\t\t\t\t<span class='e-n-accordion-item-title-header'><div class=\"e-n-accordion-item-title-text\"> Education <\/div><\/span>\n\t\t\t\t\t\t\t<span class='e-n-accordion-item-title-icon'>\n\t\t\t<span class='e-opened' ><svg aria-hidden=\"true\" class=\"e-font-icon-svg e-fas-chevron-up\" viewbox=\"0 0 448 512\" xmlns=\"http:\/\/www.w3.org\/2000\/svg\"><path d=\"M240.971 130.524l194.343 194.343c9.373 9.373 9.373 24.569 0 33.941l-22.667 22.667c-9.357 9.357-24.522 9.375-33.901.04L224 227.495 69.255 381.516c-9.379 9.335-24.544 9.317-33.901-.04l-22.667-22.667c-9.373-9.373-9.373-24.569 0-33.941L207.03 130.525c9.372-9.373 24.568-9.373 33.941-.001z\"><\/path><\/svg><\/span>\n\t\t\t<span class='e-closed'><svg aria-hidden=\"true\" class=\"e-font-icon-svg e-fas-chevron-down\" viewbox=\"0 0 448 512\" xmlns=\"http:\/\/www.w3.org\/2000\/svg\"><path d=\"M207.029 381.476L12.686 187.132c-9.373-9.373-9.373-24.569 0-33.941l22.667-22.667c9.357-9.357 24.522-9.375 33.901-.04L224 284.505l154.745-154.021c9.379-9.335 24.544-9.317 33.901.04l22.667 22.667c9.373 9.373 9.373 24.569 0 33.941L240.971 381.476c-9.373 9.372-24.569 9.372-33.942 0z\"><\/path><\/svg><\/span>\n\t\t<\/span>\n\n\t\t\t\t\t\t<\/summary>\n\t\t\t\t<div role=\"region\" aria-labelledby=\"e-n-accordion-item-3252\" class=\"elementor-element elementor-element-7b9396ea e-con-full e-flex e-con e-child\" data-id=\"7b9396ea\" data-element_type=\"container\" data-e-type=\"container\" data-settings=\"{&quot;background_background&quot;:&quot;classic&quot;}\">\n\t\t\t\t<div class=\"elementor-element elementor-element-157ff561 elementor-widget elementor-widget-text-editor\" data-id=\"157ff561\" data-element_type=\"widget\" data-e-type=\"widget\" data-widget_type=\"text-editor.default\">\n\t\t\t\t<div class=\"elementor-widget-container\">\n\t\t\t\t\t\t\t\t\t<ul><li><strong>Civil engineer<\/strong> \u2013 National University of Engineering (CIP No. 135402)<\/li><li><strong>Master of Business Administration (MBA)<\/strong> completed studies \u2013 Centrum PUCP<\/li><li>Dispute Resolution Board Program (PUCP)<\/li><li>Contract Management Program for Construction Projects (GERENS)<\/li><li>Diploma in Construction Project Management \u2013 ESAN University<\/li><li>Diploma in Road Project Design and Management \u2013 UPC<\/li><li>Specialization in OSCE Opinions and Resolutions \u2013 Ingenia<\/li><li>Specialization courses in NEC3 Contracts, Construction Control, Candy, S10, MS Project, Primavera, and Civil 3D<\/li><\/ul>\t\t\t\t\t\t\t\t<\/div>\n\t\t\t\t<\/div>\n\t\t\t\t<\/div>\n\t\t\t\t\t<\/details>\n\t\t\t\t\t\t<details id=\"e-n-accordion-item-3253\" class=\"e-n-accordion-item\" >\n\t\t\t\t<summary class=\"e-n-accordion-item-title\" data-accordion-index=\"4\" tabindex=\"-1\" aria-expanded=\"false\" aria-controls=\"e-n-accordion-item-3253\" >\n\t\t\t\t\t<span class='e-n-accordion-item-title-header'><div class=\"e-n-accordion-item-title-text\"> Memberships <\/div><\/span>\n\t\t\t\t\t\t\t<span class='e-n-accordion-item-title-icon'>\n\t\t\t<span class='e-opened' ><svg aria-hidden=\"true\" class=\"e-font-icon-svg e-fas-chevron-up\" viewbox=\"0 0 448 512\" xmlns=\"http:\/\/www.w3.org\/2000\/svg\"><path d=\"M240.971 130.524l194.343 194.343c9.373 9.373 9.373 24.569 0 33.941l-22.667 22.667c-9.357 9.357-24.522 9.375-33.901.04L224 227.495 69.255 381.516c-9.379 9.335-24.544 9.317-33.901-.04l-22.667-22.667c-9.373-9.373-9.373-24.569 0-33.941L207.03 130.525c9.372-9.373 24.568-9.373 33.941-.001z\"><\/path><\/svg><\/span>\n\t\t\t<span class='e-closed'><svg aria-hidden=\"true\" class=\"e-font-icon-svg e-fas-chevron-down\" viewbox=\"0 0 448 512\" xmlns=\"http:\/\/www.w3.org\/2000\/svg\"><path d=\"M207.029 381.476L12.686 187.132c-9.373-9.373-9.373-24.569 0-33.941l22.667-22.667c9.357-9.357 24.522-9.375 33.901-.04L224 284.505l154.745-154.021c9.379-9.335 24.544-9.317 33.901.04l22.667 22.667c9.373 9.373 9.373 24.569 0 33.941L240.971 381.476c-9.373 9.372-24.569 9.372-33.942 0z\"><\/path><\/svg><\/span>\n\t\t<\/span>\n\n\t\t\t\t\t\t<\/summary>\n\t\t\t\t<div role=\"region\" aria-labelledby=\"e-n-accordion-item-3253\" class=\"elementor-element elementor-element-eef129a e-con-full e-flex e-con e-child\" data-id=\"eef129a\" data-element_type=\"container\" data-e-type=\"container\" data-settings=\"{&quot;background_background&quot;:&quot;classic&quot;}\">\n\t\t\t\t<div class=\"elementor-element elementor-element-74609c9 elementor-widget elementor-widget-text-editor\" data-id=\"74609c9\" data-element_type=\"widget\" data-e-type=\"widget\" data-widget_type=\"text-editor.default\">\n\t\t\t\t<div class=\"elementor-widget-container\">\n\t\t\t\t\t\t\t\t\t<p>College of Engineers of Peru<\/p>\t\t\t\t\t\t\t\t<\/div>\n\t\t\t\t<\/div>\n\t\t\t\t<\/div>\n\t\t\t\t\t<\/details>\n\t\t\t\t\t\t<details id=\"e-n-accordion-item-3254\" class=\"e-n-accordion-item\" >\n\t\t\t\t<summary class=\"e-n-accordion-item-title\" data-accordion-index=\"5\" tabindex=\"-1\" aria-expanded=\"false\" aria-controls=\"e-n-accordion-item-3254\" >\n\t\t\t\t\t<span class='e-n-accordion-item-title-header'><div class=\"e-n-accordion-item-title-text\"> Languages <\/div><\/span>\n\t\t\t\t\t\t\t<span class='e-n-accordion-item-title-icon'>\n\t\t\t<span class='e-opened' ><svg aria-hidden=\"true\" class=\"e-font-icon-svg e-fas-chevron-up\" viewbox=\"0 0 448 512\" xmlns=\"http:\/\/www.w3.org\/2000\/svg\"><path d=\"M240.971 130.524l194.343 194.343c9.373 9.373 9.373 24.569 0 33.941l-22.667 22.667c-9.357 9.357-24.522 9.375-33.901.04L224 227.495 69.255 381.516c-9.379 9.335-24.544 9.317-33.901-.04l-22.667-22.667c-9.373-9.373-9.373-24.569 0-33.941L207.03 130.525c9.372-9.373 24.568-9.373 33.941-.001z\"><\/path><\/svg><\/span>\n\t\t\t<span class='e-closed'><svg aria-hidden=\"true\" class=\"e-font-icon-svg e-fas-chevron-down\" viewbox=\"0 0 448 512\" xmlns=\"http:\/\/www.w3.org\/2000\/svg\"><path d=\"M207.029 381.476L12.686 187.132c-9.373-9.373-9.373-24.569 0-33.941l22.667-22.667c9.357-9.357 24.522-9.375 33.901-.04L224 284.505l154.745-154.021c9.379-9.335 24.544-9.317 33.901.04l22.667 22.667c9.373 9.373 9.373 24.569 0 33.941L240.971 381.476c-9.373 9.372-24.569 9.372-33.942 0z\"><\/path><\/svg><\/span>\n\t\t<\/span>\n\n\t\t\t\t\t\t<\/summary>\n\t\t\t\t<div role=\"region\" aria-labelledby=\"e-n-accordion-item-3254\" class=\"elementor-element elementor-element-64bc057e e-flex e-con-boxed e-con e-child\" data-id=\"64bc057e\" data-element_type=\"container\" data-e-type=\"container\" data-settings=\"{&quot;background_background&quot;:&quot;classic&quot;}\">\n\t\t\t\t\t<div class=\"e-con-inner\">\n\t\t\t\t<div class=\"elementor-element elementor-element-6d1c8819 elementor-widget elementor-widget-text-editor\" data-id=\"6d1c8819\" data-element_type=\"widget\" data-e-type=\"widget\" data-widget_type=\"text-editor.default\">\n\t\t\t\t<div class=\"elementor-widget-container\">\n\t\t\t\t\t\t\t\t\t<ul><li>Spanish (native)<\/li><li>English (advanced)<\/li><\/ul>\t\t\t\t\t\t\t\t<\/div>\n\t\t\t\t<\/div>\n\t\t\t\t\t<\/div>\n\t\t\t\t<\/div>\n\t\t\t\t\t<\/details>\n\t\t\t\t\t<\/div>\n\t\t\t\t\t\t<\/div>\n\t\t\t\t<\/div>\n\t\t\t\t<\/div>\n\t\t\t\t\t<\/div>\n\t\t\t\t<\/div>\n\t\t\t\t<\/div>","protected":false},"excerpt":{"rendered":"<p>Ing. Carlos Alfonso Cunza Cano Socio Director ccunza@clgroup.pe Carlos Alfonso Cunza Cano es Ingeniero Civil con s\u00f3lida trayectoria en el sector construcci\u00f3n, especializado en gesti\u00f3n contractual, costos, planeamiento, riesgos y controversias en obras de infraestructura. Es egresado de la Universidad Nacional de Ingenier\u00eda (UNI) y con estudios concluidos de Maestr\u00eda en Administraci\u00f3n Estrat\u00e9gica de Empresas [&hellip;]<\/p>\n","protected":false},"author":1,"featured_media":0,"parent":0,"menu_order":0,"comment_status":"closed","ping_status":"closed","template":"","meta":{"_acf_changed":false,"footnotes":""},"class_list":["post-5812","page","type-page","status-publish","hentry"],"acf":[],"aioseo_notices":[],"_links":{"self":[{"href":"https:\/\/clgroup.pe\/en\/wp-json\/wp\/v2\/pages\/5812","targetHints":{"allow":["GET"]}}],"collection":[{"href":"https:\/\/clgroup.pe\/en\/wp-json\/wp\/v2\/pages"}],"about":[{"href":"https:\/\/clgroup.pe\/en\/wp-json\/wp\/v2\/types\/page"}],"author":[{"embeddable":true,"href":"https:\/\/clgroup.pe\/en\/wp-json\/wp\/v2\/users\/1"}],"replies":[{"embeddable":true,"href":"https:\/\/clgroup.pe\/en\/wp-json\/wp\/v2\/comments?post=5812"}],"version-history":[{"count":22,"href":"https:\/\/clgroup.pe\/en\/wp-json\/wp\/v2\/pages\/5812\/revisions"}],"predecessor-version":[{"id":8359,"href":"https:\/\/clgroup.pe\/en\/wp-json\/wp\/v2\/pages\/5812\/revisions\/8359"}],"wp:attachment":[{"href":"https:\/\/clgroup.pe\/en\/wp-json\/wp\/v2\/media?parent=5812"}],"curies":[{"name":"wp","href":"https:\/\/api.w.org\/{rel}","templated":true}]}}