{"id":8688,"date":"2026-02-08T18:15:35","date_gmt":"2026-02-08T18:15:35","guid":{"rendered":"https:\/\/clgroup.pe\/?page_id=8688"},"modified":"2026-02-24T21:03:14","modified_gmt":"2026-02-24T21:03:14","slug":"capacitaciones-virtuales-disponibles","status":"publish","type":"page","link":"https:\/\/clgroup.pe\/en\/capacitaciones-virtuales-disponibles\/","title":{"rendered":"Virtual training available"},"content":{"rendered":"<div data-elementor-type=\"wp-page\" data-elementor-id=\"8688\" class=\"elementor elementor-8688\" data-elementor-post-type=\"page\">\n\t\t\t\t<div class=\"elementor-element elementor-element-9fa87a1 e-flex e-con-boxed e-con e-parent\" data-id=\"9fa87a1\" data-element_type=\"container\" data-e-type=\"container\" data-settings=\"{&quot;background_background&quot;:&quot;classic&quot;}\">\n\t\t\t\t\t<div class=\"e-con-inner\">\n\t\t\t\t<div class=\"elementor-element elementor-element-6d1b807d elementor-widget elementor-widget-heading\" data-id=\"6d1b807d\" data-element_type=\"widget\" data-e-type=\"widget\" data-widget_type=\"heading.default\">\n\t\t\t\t<div class=\"elementor-widget-container\">\n\t\t\t\t\t<h2 class=\"elementor-heading-title elementor-size-default\">AVAILABLE PROGRAMS<\/h2>\t\t\t\t<\/div>\n\t\t\t\t<\/div>\n\t\t\t\t<div class=\"elementor-element elementor-element-72c90e00 elementor-widget-divider--view-line elementor-widget elementor-widget-divider\" data-id=\"72c90e00\" data-element_type=\"widget\" data-e-type=\"widget\" data-widget_type=\"divider.default\">\n\t\t\t\t<div class=\"elementor-widget-container\">\n\t\t\t\t\t\t\t<div class=\"elementor-divider\">\n\t\t\t<span class=\"elementor-divider-separator\">\n\t\t\t\t\t\t<\/span>\n\t\t<\/div>\n\t\t\t\t\t\t<\/div>\n\t\t\t\t<\/div>\n\t\t<div class=\"elementor-element elementor-element-020acf7 e-grid elementor-hidden-tablet elementor-hidden-mobile e-con-boxed e-con e-child\" data-id=\"020acf7\" data-element_type=\"container\" data-e-type=\"container\">\n\t\t\t\t\t<div class=\"e-con-inner\">\n\t\t<div class=\"elementor-element elementor-element-4b05965 e-con-full e-flex e-con e-child\" data-id=\"4b05965\" data-element_type=\"container\" data-e-type=\"container\">\n\t\t\t\t<div class=\"elementor-element elementor-element-cc2763b elementor-widget elementor-widget-image\" data-id=\"cc2763b\" data-element_type=\"widget\" data-e-type=\"widget\" data-widget_type=\"image.default\">\n\t\t\t\t<div class=\"elementor-widget-container\">\n\t\t\t\t\t\t\t\t\t\t\t\t\t\t\t\t<a href=\"https:\/\/clgroup.pe\/en\/taller-practico-de-gestion-contractual-en-obras-publicas-segun-la-ley-n32069-y-su-reglamento\/\">\n\t\t\t\t\t\t\t<img fetchpriority=\"high\" decoding=\"async\" width=\"800\" height=\"800\" src=\"https:\/\/clgroup.pe\/wp-content\/uploads\/2026\/02\/PORTADA-TALLER-1024x1024.png\" class=\"attachment-large size-large wp-image-8691\" alt=\"\" srcset=\"https:\/\/clgroup.pe\/wp-content\/uploads\/2026\/02\/PORTADA-TALLER-1024x1024.png 1024w, https:\/\/clgroup.pe\/wp-content\/uploads\/2026\/02\/PORTADA-TALLER-300x300.png 300w, https:\/\/clgroup.pe\/wp-content\/uploads\/2026\/02\/PORTADA-TALLER-150x150.png 150w, https:\/\/clgroup.pe\/wp-content\/uploads\/2026\/02\/PORTADA-TALLER-768x768.png 768w, https:\/\/clgroup.pe\/wp-content\/uploads\/2026\/02\/PORTADA-TALLER-12x12.png 12w, https:\/\/clgroup.pe\/wp-content\/uploads\/2026\/02\/PORTADA-TALLER.png 1080w\" sizes=\"(max-width: 800px) 100vw, 800px\" \/>\t\t\t\t\t\t\t\t<\/a>\n\t\t\t\t\t\t\t\t\t\t\t\t\t\t\t<\/div>\n\t\t\t\t<\/div>\n\t\t\t\t<div class=\"elementor-element elementor-element-de9c2ff elementor-widget elementor-widget-heading\" data-id=\"de9c2ff\" data-element_type=\"widget\" data-e-type=\"widget\" data-widget_type=\"heading.default\">\n\t\t\t\t<div class=\"elementor-widget-container\">\n\t\t\t\t\t<h2 class=\"elementor-heading-title elementor-size-default\">PRACTICAL WORKSHOP ON CONTRACT MANAGEMENT IN PUBLIC WORKS ACCORDING TO LAW No. 32069 AND ITS REGULATIONS<\/h2>\t\t\t\t<\/div>\n\t\t\t\t<\/div>\n\t\t<div class=\"elementor-element elementor-element-901c7d0 e-grid e-con-full e-con e-child\" data-id=\"901c7d0\" data-element_type=\"container\" data-e-type=\"container\">\n\t\t\t\t<div class=\"elementor-element elementor-element-626df64 elementor-widget elementor-widget-text-editor\" data-id=\"626df64\" data-element_type=\"widget\" data-e-type=\"widget\" data-widget_type=\"text-editor.default\">\n\t\t\t\t<div class=\"elementor-widget-container\">\n\t\t\t\t\t\t\t\t\t<p><del>S\/ 400.00<\/del><\/p>\t\t\t\t\t\t\t\t<\/div>\n\t\t\t\t<\/div>\n\t\t\t\t<div class=\"elementor-element elementor-element-ff1b551 elementor-widget elementor-widget-text-editor\" data-id=\"ff1b551\" data-element_type=\"widget\" data-e-type=\"widget\" data-widget_type=\"text-editor.default\">\n\t\t\t\t<div class=\"elementor-widget-container\">\n\t\t\t\t\t\t\t\t\t<p><span style=\"text-decoration: underline;\">S\/ 250.00<\/span><\/p>\t\t\t\t\t\t\t\t<\/div>\n\t\t\t\t<\/div>\n\t\t\t\t<\/div>\n\t\t\t\t<div class=\"elementor-element elementor-element-d00a14d elementor-widget elementor-widget-text-editor\" data-id=\"d00a14d\" data-element_type=\"widget\" data-e-type=\"widget\" data-widget_type=\"text-editor.default\">\n\t\t\t\t<div class=\"elementor-widget-container\">\n\t\t\t\t\t\t\t\t\t<p>(Price does not include VAT)<\/p>\t\t\t\t\t\t\t\t<\/div>\n\t\t\t\t<\/div>\n\t\t\t\t<div class=\"elementor-element elementor-element-be70bea elementor-widget elementor-widget-button\" data-id=\"be70bea\" data-element_type=\"widget\" data-e-type=\"widget\" data-widget_type=\"button.default\">\n\t\t\t\t<div class=\"elementor-widget-container\">\n\t\t\t\t\t\t\t\t\t<div class=\"elementor-button-wrapper\">\n\t\t\t\t\t<a class=\"elementor-button elementor-button-link elementor-size-sm\" href=\"https:\/\/clgroup.pe\/en\/taller-practico-de-gestion-contractual-en-obras-publicas-segun-la-ley-n32069-y-su-reglamento\/\">\n\t\t\t\t\t\t<span class=\"elementor-button-content-wrapper\">\n\t\t\t\t\t\t\t\t\t<span class=\"elementor-button-text\">See more<\/span>\n\t\t\t\t\t<\/span>\n\t\t\t\t\t<\/a>\n\t\t\t\t<\/div>\n\t\t\t\t\t\t\t\t<\/div>\n\t\t\t\t<\/div>\n\t\t\t\t<\/div>\n\t\t<div class=\"elementor-element elementor-element-47de409 e-con-full e-flex e-con e-child\" data-id=\"47de409\" data-element_type=\"container\" data-e-type=\"container\">\n\t\t\t\t<div class=\"elementor-element elementor-element-e196967 elementor-widget elementor-widget-image\" data-id=\"e196967\" data-element_type=\"widget\" data-e-type=\"widget\" data-widget_type=\"image.default\">\n\t\t\t\t<div class=\"elementor-widget-container\">\n\t\t\t\t\t\t\t\t\t\t\t\t\t\t\t\t<a href=\"https:\/\/clgroup.pe\/en\/gestion-de-claims-impactos-de-alcance-costo-y-plazo-en-contratos-fidic-ed-2017-nec4-y-la-lgcp-n32069\/\">\n\t\t\t\t\t\t\t<img decoding=\"async\" width=\"800\" height=\"800\" src=\"https:\/\/clgroup.pe\/wp-content\/uploads\/2026\/02\/PORTADA-TALLER-1-1024x1024.png\" class=\"attachment-large size-large wp-image-9040\" alt=\"\" srcset=\"https:\/\/clgroup.pe\/wp-content\/uploads\/2026\/02\/PORTADA-TALLER-1-1024x1024.png 1024w, https:\/\/clgroup.pe\/wp-content\/uploads\/2026\/02\/PORTADA-TALLER-1-300x300.png 300w, https:\/\/clgroup.pe\/wp-content\/uploads\/2026\/02\/PORTADA-TALLER-1-150x150.png 150w, https:\/\/clgroup.pe\/wp-content\/uploads\/2026\/02\/PORTADA-TALLER-1-768x768.png 768w, https:\/\/clgroup.pe\/wp-content\/uploads\/2026\/02\/PORTADA-TALLER-1-12x12.png 12w, https:\/\/clgroup.pe\/wp-content\/uploads\/2026\/02\/PORTADA-TALLER-1.png 1080w\" sizes=\"(max-width: 800px) 100vw, 800px\" \/>\t\t\t\t\t\t\t\t<\/a>\n\t\t\t\t\t\t\t\t\t\t\t\t\t\t\t<\/div>\n\t\t\t\t<\/div>\n\t\t\t\t<div class=\"elementor-element elementor-element-0595d2d elementor-widget elementor-widget-heading\" data-id=\"0595d2d\" data-element_type=\"widget\" data-e-type=\"widget\" data-widget_type=\"heading.default\">\n\t\t\t\t<div class=\"elementor-widget-container\">\n\t\t\t\t\t<h2 class=\"elementor-heading-title elementor-size-default\">CLAIMS MANAGEMENT: IMPACTS OF SCOPE, COST AND TIME IN FIDIC CONTRACTS ED. 2017, NEC4 AND THE LGCP (No. 32069)<\/h2>\t\t\t\t<\/div>\n\t\t\t\t<\/div>\n\t\t<div class=\"elementor-element elementor-element-dc455a7 e-grid e-con-full e-con e-child\" data-id=\"dc455a7\" data-element_type=\"container\" data-e-type=\"container\">\n\t\t\t\t<div class=\"elementor-element elementor-element-b3402cb elementor-widget elementor-widget-text-editor\" data-id=\"b3402cb\" data-element_type=\"widget\" data-e-type=\"widget\" data-widget_type=\"text-editor.default\">\n\t\t\t\t<div class=\"elementor-widget-container\">\n\t\t\t\t\t\t\t\t\t<p><del>S\/ 750.00<\/del><\/p>\t\t\t\t\t\t\t\t<\/div>\n\t\t\t\t<\/div>\n\t\t\t\t<div class=\"elementor-element elementor-element-ea72301 elementor-widget elementor-widget-text-editor\" data-id=\"ea72301\" data-element_type=\"widget\" data-e-type=\"widget\" data-widget_type=\"text-editor.default\">\n\t\t\t\t<div class=\"elementor-widget-container\">\n\t\t\t\t\t\t\t\t\t<p><span style=\"text-decoration: underline;\">S\/ 450.00<\/span><\/p>\t\t\t\t\t\t\t\t<\/div>\n\t\t\t\t<\/div>\n\t\t\t\t<\/div>\n\t\t\t\t<div class=\"elementor-element elementor-element-f90b710 elementor-widget elementor-widget-text-editor\" data-id=\"f90b710\" data-element_type=\"widget\" data-e-type=\"widget\" data-widget_type=\"text-editor.default\">\n\t\t\t\t<div class=\"elementor-widget-container\">\n\t\t\t\t\t\t\t\t\t<p>(Price does not include VAT)<\/p>\t\t\t\t\t\t\t\t<\/div>\n\t\t\t\t<\/div>\n\t\t\t\t<div class=\"elementor-element elementor-element-fc06097 elementor-widget elementor-widget-button\" data-id=\"fc06097\" data-element_type=\"widget\" data-e-type=\"widget\" data-widget_type=\"button.default\">\n\t\t\t\t<div class=\"elementor-widget-container\">\n\t\t\t\t\t\t\t\t\t<div class=\"elementor-button-wrapper\">\n\t\t\t\t\t<a class=\"elementor-button elementor-button-link elementor-size-sm\" href=\"https:\/\/clgroup.pe\/en\/gestion-de-claims-impactos-de-alcance-costo-y-plazo-en-contratos-fidic-ed-2017-nec4-y-la-lgcp-n32069\/\">\n\t\t\t\t\t\t<span class=\"elementor-button-content-wrapper\">\n\t\t\t\t\t\t\t\t\t<span class=\"elementor-button-text\">See more<\/span>\n\t\t\t\t\t<\/span>\n\t\t\t\t\t<\/a>\n\t\t\t\t<\/div>\n\t\t\t\t\t\t\t\t<\/div>\n\t\t\t\t<\/div>\n\t\t\t\t<\/div>\n\t\t\t\t\t<\/div>\n\t\t\t\t<\/div>\n\t\t<div class=\"elementor-element elementor-element-3101f56 e-grid elementor-hidden-desktop e-con-boxed e-con e-child\" data-id=\"3101f56\" data-element_type=\"container\" data-e-type=\"container\">\n\t\t\t\t\t<div class=\"e-con-inner\">\n\t\t<div class=\"elementor-element elementor-element-9c5a92d e-con-full e-flex e-con e-child\" data-id=\"9c5a92d\" data-element_type=\"container\" data-e-type=\"container\">\n\t\t\t\t<div class=\"elementor-element elementor-element-45441a6 elementor-widget elementor-widget-image\" data-id=\"45441a6\" data-element_type=\"widget\" data-e-type=\"widget\" data-widget_type=\"image.default\">\n\t\t\t\t<div class=\"elementor-widget-container\">\n\t\t\t\t\t\t\t\t\t\t\t\t\t\t\t\t<a href=\"https:\/\/clgroup.pe\/en\/taller-practico-de-gestion-contractual-en-obras-publicas-segun-la-ley-n32069-y-su-reglamento\/\">\n\t\t\t\t\t\t\t<img fetchpriority=\"high\" decoding=\"async\" width=\"800\" height=\"800\" src=\"https:\/\/clgroup.pe\/wp-content\/uploads\/2026\/02\/PORTADA-TALLER-1024x1024.png\" class=\"attachment-large size-large wp-image-8691\" alt=\"\" srcset=\"https:\/\/clgroup.pe\/wp-content\/uploads\/2026\/02\/PORTADA-TALLER-1024x1024.png 1024w, https:\/\/clgroup.pe\/wp-content\/uploads\/2026\/02\/PORTADA-TALLER-300x300.png 300w, https:\/\/clgroup.pe\/wp-content\/uploads\/2026\/02\/PORTADA-TALLER-150x150.png 150w, https:\/\/clgroup.pe\/wp-content\/uploads\/2026\/02\/PORTADA-TALLER-768x768.png 768w, https:\/\/clgroup.pe\/wp-content\/uploads\/2026\/02\/PORTADA-TALLER-12x12.png 12w, https:\/\/clgroup.pe\/wp-content\/uploads\/2026\/02\/PORTADA-TALLER.png 1080w\" sizes=\"(max-width: 800px) 100vw, 800px\" \/>\t\t\t\t\t\t\t\t<\/a>\n\t\t\t\t\t\t\t\t\t\t\t\t\t\t\t<\/div>\n\t\t\t\t<\/div>\n\t\t\t\t<div class=\"elementor-element elementor-element-5e85b0a elementor-widget elementor-widget-heading\" data-id=\"5e85b0a\" data-element_type=\"widget\" data-e-type=\"widget\" data-widget_type=\"heading.default\">\n\t\t\t\t<div class=\"elementor-widget-container\">\n\t\t\t\t\t<h2 class=\"elementor-heading-title elementor-size-default\">PRACTICAL WORKSHOP ON CONTRACT MANAGEMENT IN PUBLIC WORKS ACCORDING TO LAW No. 32069 AND ITS REGULATIONS<\/h2>\t\t\t\t<\/div>\n\t\t\t\t<\/div>\n\t\t<div class=\"elementor-element elementor-element-6aabc22 e-grid e-con-full e-con e-child\" data-id=\"6aabc22\" data-element_type=\"container\" data-e-type=\"container\">\n\t\t\t\t<div class=\"elementor-element elementor-element-e6d7897 elementor-widget elementor-widget-text-editor\" data-id=\"e6d7897\" data-element_type=\"widget\" data-e-type=\"widget\" data-widget_type=\"text-editor.default\">\n\t\t\t\t<div class=\"elementor-widget-container\">\n\t\t\t\t\t\t\t\t\t<p><del>S\/ 400.00<\/del><\/p>\t\t\t\t\t\t\t\t<\/div>\n\t\t\t\t<\/div>\n\t\t\t\t<div class=\"elementor-element elementor-element-a69c525 elementor-widget elementor-widget-text-editor\" data-id=\"a69c525\" data-element_type=\"widget\" data-e-type=\"widget\" data-widget_type=\"text-editor.default\">\n\t\t\t\t<div class=\"elementor-widget-container\">\n\t\t\t\t\t\t\t\t\t<p><span style=\"text-decoration: underline;\">S\/ 250.00<\/span><\/p>\t\t\t\t\t\t\t\t<\/div>\n\t\t\t\t<\/div>\n\t\t\t\t<\/div>\n\t\t\t\t<div class=\"elementor-element elementor-element-23c65bc elementor-widget elementor-widget-button\" data-id=\"23c65bc\" data-element_type=\"widget\" data-e-type=\"widget\" data-widget_type=\"button.default\">\n\t\t\t\t<div class=\"elementor-widget-container\">\n\t\t\t\t\t\t\t\t\t<div class=\"elementor-button-wrapper\">\n\t\t\t\t\t<a class=\"elementor-button elementor-button-link elementor-size-sm\" href=\"https:\/\/clgroup.pe\/en\/taller-practico-de-gestion-contractual-en-obras-publicas-segun-la-ley-n32069-y-su-reglamento\/\">\n\t\t\t\t\t\t<span class=\"elementor-button-content-wrapper\">\n\t\t\t\t\t\t\t\t\t<span class=\"elementor-button-text\">See more<\/span>\n\t\t\t\t\t<\/span>\n\t\t\t\t\t<\/a>\n\t\t\t\t<\/div>\n\t\t\t\t\t\t\t\t<\/div>\n\t\t\t\t<\/div>\n\t\t\t\t<\/div>\n\t\t<div class=\"elementor-element elementor-element-f486efa e-flex e-con-boxed e-con e-child\" data-id=\"f486efa\" data-element_type=\"container\" data-e-type=\"container\">\n\t\t\t\t\t<div class=\"e-con-inner\">\n\t\t\t\t<div class=\"elementor-element elementor-element-4b6538f elementor-widget elementor-widget-image\" data-id=\"4b6538f\" data-element_type=\"widget\" data-e-type=\"widget\" data-widget_type=\"image.default\">\n\t\t\t\t<div class=\"elementor-widget-container\">\n\t\t\t\t\t\t\t\t\t\t\t\t\t\t\t\t<a href=\"https:\/\/clgroup.pe\/en\/gestion-de-claims-impactos-de-alcance-costo-y-plazo-en-contratos-fidic-ed-2017-nec4-y-la-lgcp-n32069\/\">\n\t\t\t\t\t\t\t<img decoding=\"async\" width=\"800\" height=\"800\" src=\"https:\/\/clgroup.pe\/wp-content\/uploads\/2026\/02\/PORTADA-TALLER-1-1024x1024.png\" class=\"attachment-large size-large wp-image-9040\" alt=\"\" srcset=\"https:\/\/clgroup.pe\/wp-content\/uploads\/2026\/02\/PORTADA-TALLER-1-1024x1024.png 1024w, https:\/\/clgroup.pe\/wp-content\/uploads\/2026\/02\/PORTADA-TALLER-1-300x300.png 300w, https:\/\/clgroup.pe\/wp-content\/uploads\/2026\/02\/PORTADA-TALLER-1-150x150.png 150w, https:\/\/clgroup.pe\/wp-content\/uploads\/2026\/02\/PORTADA-TALLER-1-768x768.png 768w, https:\/\/clgroup.pe\/wp-content\/uploads\/2026\/02\/PORTADA-TALLER-1-12x12.png 12w, https:\/\/clgroup.pe\/wp-content\/uploads\/2026\/02\/PORTADA-TALLER-1.png 1080w\" sizes=\"(max-width: 800px) 100vw, 800px\" \/>\t\t\t\t\t\t\t\t<\/a>\n\t\t\t\t\t\t\t\t\t\t\t\t\t\t\t<\/div>\n\t\t\t\t<\/div>\n\t\t\t\t<div class=\"elementor-element elementor-element-9b23f48 elementor-widget elementor-widget-heading\" data-id=\"9b23f48\" data-element_type=\"widget\" data-e-type=\"widget\" data-widget_type=\"heading.default\">\n\t\t\t\t<div class=\"elementor-widget-container\">\n\t\t\t\t\t<h2 class=\"elementor-heading-title elementor-size-default\">CLAIMS MANAGEMENT: IMPACTS OF SCOPE, COST AND TIME IN FIDIC CONTRACTS ED. 2017, NEC4 AND THE LGCP (No. 32069)<\/h2>\t\t\t\t<\/div>\n\t\t\t\t<\/div>\n\t\t<div class=\"elementor-element elementor-element-32d62db e-grid e-con-full e-con e-child\" data-id=\"32d62db\" data-element_type=\"container\" data-e-type=\"container\">\n\t\t\t\t<div class=\"elementor-element elementor-element-264e66e elementor-widget elementor-widget-text-editor\" data-id=\"264e66e\" data-element_type=\"widget\" data-e-type=\"widget\" data-widget_type=\"text-editor.default\">\n\t\t\t\t<div class=\"elementor-widget-container\">\n\t\t\t\t\t\t\t\t\t<p><del>S\/ 750.00<\/del><\/p>\t\t\t\t\t\t\t\t<\/div>\n\t\t\t\t<\/div>\n\t\t\t\t<div class=\"elementor-element elementor-element-a8b2c08 elementor-widget elementor-widget-text-editor\" data-id=\"a8b2c08\" data-element_type=\"widget\" data-e-type=\"widget\" data-widget_type=\"text-editor.default\">\n\t\t\t\t<div class=\"elementor-widget-container\">\n\t\t\t\t\t\t\t\t\t<p><span style=\"text-decoration: underline;\">S\/ 450.00<\/span><\/p>\t\t\t\t\t\t\t\t<\/div>\n\t\t\t\t<\/div>\n\t\t\t\t<\/div>\n\t\t\t\t<div class=\"elementor-element elementor-element-4967127 elementor-widget elementor-widget-button\" data-id=\"4967127\" data-element_type=\"widget\" data-e-type=\"widget\" data-widget_type=\"button.default\">\n\t\t\t\t<div class=\"elementor-widget-container\">\n\t\t\t\t\t\t\t\t\t<div class=\"elementor-button-wrapper\">\n\t\t\t\t\t<a class=\"elementor-button elementor-button-link elementor-size-sm\" href=\"https:\/\/clgroup.pe\/en\/gestion-de-claims-impactos-de-alcance-costo-y-plazo-en-contratos-fidic-ed-2017-nec4-y-la-lgcp-n32069\/\">\n\t\t\t\t\t\t<span class=\"elementor-button-content-wrapper\">\n\t\t\t\t\t\t\t\t\t<span class=\"elementor-button-text\">See more<\/span>\n\t\t\t\t\t<\/span>\n\t\t\t\t\t<\/a>\n\t\t\t\t<\/div>\n\t\t\t\t\t\t\t\t<\/div>\n\t\t\t\t<\/div>\n\t\t\t\t\t<\/div>\n\t\t\t\t<\/div>\n\t\t\t\t\t<\/div>\n\t\t\t\t<\/div>\n\t\t\t\t<div class=\"elementor-element elementor-element-5c5c1ef elementor-widget elementor-widget-spacer\" data-id=\"5c5c1ef\" data-element_type=\"widget\" data-e-type=\"widget\" data-widget_type=\"spacer.default\">\n\t\t\t\t<div class=\"elementor-widget-container\">\n\t\t\t\t\t\t\t<div class=\"elementor-spacer\">\n\t\t\t<div class=\"elementor-spacer-inner\"><\/div>\n\t\t<\/div>\n\t\t\t\t\t\t<\/div>\n\t\t\t\t<\/div>\n\t\t\t\t\t<\/div>\n\t\t\t\t<\/div>\n\t\t\t\t<\/div>","protected":false},"excerpt":{"rendered":"<p>PROGRAMAS DISPONIBLES TALLER PR\u00c1CTICO DE GESTI\u00d3N CONTRACTUAL EN OBRAS P\u00daBLICAS SEG\u00daN LA LEY N\u00b032069 Y SU REGLAMENTO S\/ 400.00 S\/ 250.00 (El precio no incluye IGV) Ver m\u00e1s GESTI\u00d3N DE CLAIMS: IMPACTOS DE ALCANCE, COSTO Y PLAZO EN CONTRATOS FIDIC ED. 2017, NEC4 Y LA LGCP (N\u00b032069) S\/ 750.00 S\/ 450.00 (El precio no incluye [&hellip;]<\/p>\n","protected":false},"author":1,"featured_media":0,"parent":0,"menu_order":0,"comment_status":"closed","ping_status":"closed","template":"","meta":{"_acf_changed":false,"footnotes":""},"class_list":["post-8688","page","type-page","status-publish","hentry"],"acf":[],"aioseo_notices":[],"_links":{"self":[{"href":"https:\/\/clgroup.pe\/en\/wp-json\/wp\/v2\/pages\/8688","targetHints":{"allow":["GET"]}}],"collection":[{"href":"https:\/\/clgroup.pe\/en\/wp-json\/wp\/v2\/pages"}],"about":[{"href":"https:\/\/clgroup.pe\/en\/wp-json\/wp\/v2\/types\/page"}],"author":[{"embeddable":true,"href":"https:\/\/clgroup.pe\/en\/wp-json\/wp\/v2\/users\/1"}],"replies":[{"embeddable":true,"href":"https:\/\/clgroup.pe\/en\/wp-json\/wp\/v2\/comments?post=8688"}],"version-history":[{"count":100,"href":"https:\/\/clgroup.pe\/en\/wp-json\/wp\/v2\/pages\/8688\/revisions"}],"predecessor-version":[{"id":9338,"href":"https:\/\/clgroup.pe\/en\/wp-json\/wp\/v2\/pages\/8688\/revisions\/9338"}],"wp:attachment":[{"href":"https:\/\/clgroup.pe\/en\/wp-json\/wp\/v2\/media?parent=8688"}],"curies":[{"name":"wp","href":"https:\/\/api.w.org\/{rel}","templated":true}]}}